{"id":3,"date":"2021-04-30T15:19:37","date_gmt":"2021-04-30T15:19:37","guid":{"rendered":"http:\/\/infival.com\/?page_id=3"},"modified":"2021-09-23T18:06:12","modified_gmt":"2021-09-23T18:06:12","slug":"politica-privacidad","status":"publish","type":"page","link":"https:\/\/infival.com\/?page_id=3","title":{"rendered":"Pol\u00edtica de privacidad"},"content":{"rendered":"<h2>Pol\u00edtica de Privacidad<\/h2>\n<p>INFormaci\u00f3 de VALor. S.L.L. realiza esta declaraci\u00f3n de privacidad para demostrar nuestro firme compromiso con la intimidad en el manejo de sus datos. El actual documento manifiesta la informaci\u00f3n recogida por nuestro sitio y su distribuci\u00f3n.<\/p>\n<p>INFormaci\u00f3 de VALor. S.L.L.&nbsp;propietaria del sitio web <a href=\"http:\/\/www.infival.com\">www.infival.com<\/a>, garantiza a todos los usuarios que suministren datos personales para acceder a los servicios de&nbsp;INFormaci\u00f3 de VALor. S.L.L. que as\u00ed lo requieran, la m\u00e1xima confidencialidad y privacidad de los mismos.<\/p>\n<p>De acuerdo con lo establecido en la Ley org\u00e1nica 15\/1999 de 13 de diciembre, de regulaci\u00f3n del tratamiento automatizado de los datos de car\u00e1cter personal (LORTAD), el usuario de INFormaci\u00f3 de VALor. S.L.L. podr\u00e1, en todo momento, ejercitar los derechos de acceso, rectificaci\u00f3n, cancelaci\u00f3n y en su caso revocaci\u00f3n del consentimiento para la cesi\u00f3n de sus datos en los t\u00e9rminos previstos en la referida ley y dem\u00e1s normas que la desarrollen. Para ello, el usuario s\u00f3lo deber\u00e1 comunic\u00e1rnoslo a trav\u00e9s del formulario de contacto de <a href=\"http:\/\/www.infival.com\">www.infival.com<\/a> o bien escribiendo a la siguiente direcci\u00f3n de correo:&nbsp;<\/p>\n<p>INFormaci\u00f3 de VALor. S.L.L.&nbsp;<br \/>\nC\/Atenas 2004, n\u00ba 11-B 1\u00aa<br \/>\n46900 Torrente (Valencia)<br \/>\nTelf: +34 96 158 11.24<br \/>\nFax: +34 96 158.11.06<\/p>\n<p>De todos los datos solicitados en los formularios, deben rellenarse con car\u00e1cter obligatorio para que podamos contactar con usted y ayudarle en la gesti\u00f3n de la solicitud. El usuario autoriza a INFormaci\u00f3 de VALor. S.L.L.&nbsp;el tratamiento automatizado de los datos personales que suministre voluntariamente, a trav\u00e9s de formularios y correo electr\u00f3nico, para la gesti\u00f3n de su solicitud. Los datos personales suministrados son absolutamente confidenciales y solo ser\u00e1n compartidos con terceras empresas o entidades cuando la gesti\u00f3n de su solicitud lo requiera.<\/p>\n<p>El usuario, en cualquier caso, responder\u00e1 de la veracidad de los datos facilitados INFormaci\u00f3 de VALor. S.L.L.&nbsp;se reserva el derecho a excluir del acceso a los servicios que requieran datos personales a cualquier usuario que haya facilitado datos falsos, sin perjuicio de las dem\u00e1s acciones que procedan en Derecho.<\/p>\n<p>INFormaci\u00f3 de VALor. S.L.L.&nbsp;puede guardar en un archivo espec\u00edfico cualquier correspondencia personal, como emails o cartas que usted pueda enviarnos. El usuario autoriza a INFormaci\u00f3 de VALor. S.L.L.&nbsp;el tratamiento automatizado de los datos personales que suministre voluntariamente, a trav\u00e9s de formularios y correo electr\u00f3nico.<\/p>\n<p>La pol\u00edtica de Privacidad plasmada a continuaci\u00f3n, es aplicable a todos los servicios de esta website, as\u00ed como a las p\u00e1ginas y servicios con lo que la Web vaya ampliando en el futuro.<\/p>\n<h2>Aviso legal<\/h2>\n<p>INFormaci\u00f3 de VALor. S.L.L.,&nbsp; puede usar su direcci\u00f3n de e-mail para avisarle siempre que una nueva actividad que pueda ser de inter\u00e9s a usted y avisarlo para asuntos administrativas.&nbsp;<\/p>\n<p>INFormaci\u00f3 de VALor. S.L.L. no vende, alquila, o distribuye su informaci\u00f3n personal de ninguna manera a cualquier tercero, y no usamos su informaci\u00f3n de direcci\u00f3n para publicidad comercial no solicitada.&nbsp;<\/p>\n<p>INFormaci\u00f3 de VALor. S.L.L. usa cookies (cantidades peque\u00f1as de datos enviadas a su navegador desde nuestro sitio y guardadas en la unidad de disco de su ordenador) para guardar su nombre de usuario y clave para que usted no tenga que volverlos a introducir cada vez y para mantener la informaci\u00f3n de su sesi\u00f3n. Para m\u00e1s informaci\u00f3n, acudir a la pol\u00edtica de cookies m\u00e1s abajo.<\/p>\n<p>INFormaci\u00f3 de VALor. S.L.L.&nbsp;no asume ninguna responsabilidad del uso incorrecto de la informaci\u00f3n facilitada a trav\u00e9s de sus p\u00e1ginas de internet. Asimismo, y con los l\u00edmites legales, no asume ninguna responsabilidad por la falta de exactitud, integridad o actualizaci\u00f3n de los datos o informaciones que se publican en los sitios web, de los que es titular.<\/p>\n<p>La funci\u00f3n de los links (enlaces) que aparecen en esta p\u00e1gina es exclusivamente de informar al usuario sobre la existencia de otras fuentes de informaci\u00f3n sobre la materia en Internet, donde podr\u00e1 ampliar los datos ofrecidos en esta web. INFormaci\u00f3 de VALor. S.L.L., no ser\u00e1 en ning\u00fan caso responsable del resultado obtenido a trav\u00e9s de dichos enlaces.<\/p>\n<p>Si tiene cualquier pregunta sobre esta declaraci\u00f3n de privacidad, p\u00f3ngase en contacto con nosotros a trav\u00e9s del formulario disponible en <a href=\"http:\/\/www.infival.com\">www.infival.com<\/a>.<\/p>\n<h2>Pol\u00edtica de cookies<\/h2>\n<p>Cookie es un fichero que se descarga en su ordenador al acceder a determinadas p\u00e1ginas web. Las cookies permiten a una p\u00e1gina web, entre otras cosas, almacenar y recuperar informaci\u00f3n sobre los h\u00e1bitos de navegaci\u00f3n de un usuario o de su equipo y, dependiendo de la informaci\u00f3n que contengan y de la forma en que utilice su equipo, pueden utilizarse para reconocer al usuario.. El navegador del usuario memoriza cookies en el disco duro solamente durante la sesi\u00f3n actual ocupando un espacio de memoria m\u00ednimo y no perjudicando al ordenador. Las cookies no contienen ninguna clase de informaci\u00f3n personal espec\u00edfica, y la mayor\u00eda de las mismas se borran del disco duro al finalizar la sesi\u00f3n de navegador (las denominadas cookies de sesi\u00f3n).<\/p>\n<p>La mayor\u00eda de los navegadores aceptan como est\u00e1ndar a las cookies y, con independencia de las mismas, permiten o impiden en los ajustes de seguridad las cookies temporales o memorizadas.<\/p>\n<p>Sin su expreso consentimiento \u2013mediante la activaci\u00f3n de las cookies en su navegador\u2013INFormaci\u00f3 de VALor. S.L.L. no enlazar\u00e1 en las cookies los datos memorizados con sus datos personales proporcionados en el momento del registro o la compra..<\/p>\n<p><strong>\u00bfQu\u00e9 tipos de cookies utiliza esta p\u00e1gina web?<\/strong><\/p>\n<p>&#8211; Cookies t\u00e9cnicas: Son aqu\u00e9llas que permiten al usuario la navegaci\u00f3n a trav\u00e9s de una p\u00e1gina web, plataforma o aplicaci\u00f3n y la utilizaci\u00f3n de las diferentes opciones o servicios que en ella existan como, por ejemplo, controlar el tr\u00e1fico y la comunicaci\u00f3n de datos, identificar la sesi\u00f3n, acceder a partes de acceso restringido, recordar los elementos que integran un pedido, realizar el proceso de compra de un pedido, realizar la solicitud de inscripci\u00f3n o participaci\u00f3n en un evento, utilizar elementos de seguridad durante la navegaci\u00f3n, almacenar contenidos para la difusi\u00f3n de videos o sonido o compartir contenidos a trav\u00e9s de redes sociales.<\/p>\n<p>&#8211; Cookies de personalizaci\u00f3n: Son aqu\u00e9llas que permiten al usuario acceder al servicio con algunas caracter\u00edsticas de car\u00e1cter general predefinidas en funci\u00f3n de una serie de criterios en el terminal del usuario como por ejemplo serian el idioma, el tipo de navegador a trav\u00e9s del cual accede al servicio, la configuraci\u00f3n regional desde donde accede al servicio, etc.<\/p>\n<p>&#8211; Cookies de an\u00e1lisis: Son aqu\u00e9llas que bien tratadas por nosotros o por terceros, nos permiten cuantificar el n\u00famero de usuarios y as\u00ed realizar la medici\u00f3n y an\u00e1lisis estad\u00edstico de la utilizaci\u00f3n que hacen los usuarios del servicio ofertado. Para ello se analiza su navegaci\u00f3n en nuestra p\u00e1gina web con el fin de mejorar la oferta de productos o servicios que le ofrecemos.<\/p>\n<p>Cookies de terceros: La Web de Infival puede utilizar servicios de terceros que, por cuenta de Infival, recopilaran informaci\u00f3n con fines estad\u00edsticos, de uso del Site por parte del usuario y para la prestaci\u00f3n de otros servicios relacionados con la actividad del Website y otros servicios de Internet.<\/p>\n<p>En particular, este sitio Web utiliza Google Analytics, un servicio anal\u00edtico de web prestado por Google, Inc. con domicilio en los Estados Unidos con sede central en 1600 Amphitheatre Parkway, Mountain View, California 94043. &nbsp;Para la prestaci\u00f3n de estos servicios, estos utilizan cookies que recopilan la informaci\u00f3n, incluida la direcci\u00f3n IP del usuario, que ser\u00e1 transmitida, tratada y almacenada por Google en los t\u00e9rminos fijados en la Web Google.com. Incluyendo la posible transmisi\u00f3n de dicha informaci\u00f3n a terceros por razones de exigencia legal o cuando dichos terceros procesen la informaci\u00f3n por cuenta de Google.<\/p>\n<p>El Usuario acepta expresamente, por la utilizaci\u00f3n de este Site, el tratamiento de la informaci\u00f3n recabada en la forma y con los fines anteriormente mencionados. Y asimismo reconoce conocer la posibilidad de rechazar el tratamiento de tales datos o informaci\u00f3n rechazando el uso de Cookies mediante la selecci\u00f3n de la configuraci\u00f3n apropiada a tal fin en su navegador. Si bien esta opci\u00f3n de bloqueo de Cookies en su navegador puede no permitirle el uso pleno de todas las funcionalidades del Website.<\/p>\n<p>Puede usted permitir, bloquear o eliminar las cookies instaladas en su equipo mediante la configuraci\u00f3n de las opciones del navegador instalado en su ordenador:<\/p>\n<ul>\n<li><a href=\"http:\/\/support.google.com\/chrome\/bin\/answer.py?hl=es&amp;answer=95647\">Chrome<\/a><\/li>\n<li><a href=\"http:\/\/windows.microsoft.com\/es-es\/windows7\/how-to-manage-cookies-in-internet-explorer-9\">Explorer<\/a><\/li>\n<li><a href=\"http:\/\/support.mozilla.org\/es\/kb\/habilitar-y-deshabilitar-cookies-que-los-sitios-we\">Firefox<\/a><\/li>\n<li><a href=\"http:\/\/support.apple.com\/kb\/ph5042\">Safari<\/a><\/li>\n<\/ul>\n<p>Si tiene dudas sobre esta pol\u00edtica de cookies, puede <a href=\"http:\/\/www.infival.com\/contactar\">contactar con Infival<\/a>.<\/p>\n","protected":false},"excerpt":{"rendered":"<p>Pol\u00edtica de Privacidad INFormaci\u00f3 de VALor. S.L.L. realiza esta declaraci\u00f3n de privacidad para demostrar nuestro firme compromiso con la intimidad en el manejo de sus datos. El actual documento manifiesta la informaci\u00f3n recogida por nuestro sitio y su distribuci\u00f3n. INFormaci\u00f3 de VALor. S.L.L.&nbsp;propietaria del sitio web www.infival.com, garantiza a todos<\/p>\n","protected":false},"author":1,"featured_media":0,"parent":0,"menu_order":0,"comment_status":"closed","ping_status":"closed","template":"elementor_header_footer","meta":{"footnotes":""},"class_list":["post-3","page","type-page","status-publish","hentry",""],"_links":{"self":[{"href":"https:\/\/infival.com\/index.php?rest_route=\/wp\/v2\/pages\/3","targetHints":{"allow":["GET"]}}],"collection":[{"href":"https:\/\/infival.com\/index.php?rest_route=\/wp\/v2\/pages"}],"about":[{"href":"https:\/\/infival.com\/index.php?rest_route=\/wp\/v2\/types\/page"}],"author":[{"embeddable":true,"href":"https:\/\/infival.com\/index.php?rest_route=\/wp\/v2\/users\/1"}],"replies":[{"embeddable":true,"href":"https:\/\/infival.com\/index.php?rest_route=%2Fwp%2Fv2%2Fcomments&post=3"}],"version-history":[{"count":8,"href":"https:\/\/infival.com\/index.php?rest_route=\/wp\/v2\/pages\/3\/revisions"}],"predecessor-version":[{"id":353,"href":"https:\/\/infival.com\/index.php?rest_route=\/wp\/v2\/pages\/3\/revisions\/353"}],"wp:attachment":[{"href":"https:\/\/infival.com\/index.php?rest_route=%2Fwp%2Fv2%2Fmedia&parent=3"}],"curies":[{"name":"wp","href":"https:\/\/api.w.org\/{rel}","templated":true}]}}