{"id":22,"date":"2021-05-04T14:28:57","date_gmt":"2021-05-04T14:28:57","guid":{"rendered":"http:\/\/infival.com\/?page_id=22"},"modified":"2021-05-07T11:52:57","modified_gmt":"2021-05-07T11:52:57","slug":"empresa","status":"publish","type":"page","link":"https:\/\/infival.com\/?page_id=22","title":{"rendered":"Empresa"},"content":{"rendered":"\t\t<div data-elementor-type=\"wp-page\" data-elementor-id=\"22\" class=\"elementor elementor-22\">\n\t\t\t\t\t\t\t\t\t<section class=\"elementor-section elementor-top-section elementor-element elementor-element-221121a elementor-section-boxed elementor-section-height-default elementor-section-height-default\" data-id=\"221121a\" data-element_type=\"section\">\n\t\t\t\t\t\t<div class=\"elementor-container elementor-column-gap-default\">\n\t\t\t\t\t<div class=\"elementor-column elementor-col-100 elementor-top-column elementor-element elementor-element-b4ae202\" data-id=\"b4ae202\" data-element_type=\"column\">\n\t\t\t<div class=\"elementor-widget-wrap elementor-element-populated\">\n\t\t\t\t\t\t\t\t<section class=\"elementor-section elementor-inner-section elementor-element elementor-element-25cf1b4 elementor-section-boxed elementor-section-height-default elementor-section-height-default\" data-id=\"25cf1b4\" data-element_type=\"section\">\n\t\t\t\t\t\t<div class=\"elementor-container elementor-column-gap-default\">\n\t\t\t\t\t<div class=\"elementor-column elementor-col-50 elementor-inner-column elementor-element elementor-element-cafcd4b\" data-id=\"cafcd4b\" data-element_type=\"column\">\n\t\t\t<div class=\"elementor-widget-wrap elementor-element-populated\">\n\t\t\t\t\t\t\t\t<div class=\"elementor-element elementor-element-adc3305 elementor-widget elementor-widget-image\" data-id=\"adc3305\" data-element_type=\"widget\" data-widget_type=\"image.default\">\n\t\t\t\t<div class=\"elementor-widget-container\">\n\t\t\t\t\t\t\t\t\t\t\t\t\t\t\t\t<a href=\"http:\/\/infival.com\/wp-content\/uploads\/2021\/05\/fachada.jpeg\" data-elementor-open-lightbox=\"yes\" data-elementor-lightbox-title=\"fachada\" e-action-hash=\"#elementor-action%3Aaction%3Dlightbox%26settings%3DeyJpZCI6MzMyLCJ1cmwiOiJodHRwczpcL1wvaW5maXZhbC5jb21cL3dwLWNvbnRlbnRcL3VwbG9hZHNcLzIwMjFcLzA1XC9mYWNoYWRhLmpwZWcifQ%3D%3D\">\n\t\t\t\t\t\t\t<img loading=\"lazy\" decoding=\"async\" width=\"350\" height=\"220\" src=\"https:\/\/infival.com\/wp-content\/uploads\/2021\/05\/fachada-350x220.jpeg\" class=\"attachment-grip-small-thumb size-grip-small-thumb\" alt=\"\" \/>\t\t\t\t\t\t\t\t<\/a>\n\t\t\t\t\t\t\t\t\t\t\t\t\t\t\t<\/div>\n\t\t\t\t<\/div>\n\t\t\t\t\t<\/div>\n\t\t<\/div>\n\t\t\t\t<div class=\"elementor-column elementor-col-50 elementor-inner-column elementor-element elementor-element-4d01cb4\" data-id=\"4d01cb4\" data-element_type=\"column\">\n\t\t\t<div class=\"elementor-widget-wrap elementor-element-populated\">\n\t\t\t\t\t\t\t\t<div class=\"elementor-element elementor-element-aabf0f4 elementor-widget elementor-widget-image\" data-id=\"aabf0f4\" data-element_type=\"widget\" data-widget_type=\"image.default\">\n\t\t\t\t<div class=\"elementor-widget-container\">\n\t\t\t\t\t\t\t\t\t\t\t\t\t\t\t\t<a href=\"http:\/\/infival.com\/wp-content\/uploads\/2021\/05\/fachada2.jpeg\" data-elementor-open-lightbox=\"yes\" data-elementor-lightbox-title=\"fachada2\" e-action-hash=\"#elementor-action%3Aaction%3Dlightbox%26settings%3DeyJpZCI6MzM5LCJ1cmwiOiJodHRwczpcL1wvaW5maXZhbC5jb21cL3dwLWNvbnRlbnRcL3VwbG9hZHNcLzIwMjFcLzA1XC9mYWNoYWRhMi5qcGVnIn0%3D\">\n\t\t\t\t\t\t\t<img loading=\"lazy\" decoding=\"async\" width=\"350\" height=\"220\" src=\"https:\/\/infival.com\/wp-content\/uploads\/2021\/05\/fachada2-350x220.jpeg\" class=\"attachment-grip-small-thumb size-grip-small-thumb\" alt=\"\" \/>\t\t\t\t\t\t\t\t<\/a>\n\t\t\t\t\t\t\t\t\t\t\t\t\t\t\t<\/div>\n\t\t\t\t<\/div>\n\t\t\t\t\t<\/div>\n\t\t<\/div>\n\t\t\t\t\t\t\t<\/div>\n\t\t<\/section>\n\t\t\t\t<div class=\"elementor-element elementor-element-5b241b9 elementor-widget elementor-widget-text-editor\" data-id=\"5b241b9\" data-element_type=\"widget\" data-widget_type=\"text-editor.default\">\n\t\t\t\t<div class=\"elementor-widget-container\">\n\t\t\t\t\t\t\t<p>Nuestro despacho profesional\u00a0cuenta con los medios humanos y t\u00e9cnicos m\u00e1s cualificados. La misi\u00f3n es facilitar a nuestros clientes la creciente complejidad de la gesti\u00f3n empresarial. Nuestro compromiso es la resoluci\u00f3n de problemas\u00a0<strong>laborales<\/strong>,\u00a0<strong>fiscales<\/strong>\u00a0y\u00a0<strong>jur\u00eddicos<\/strong>, ocup\u00e1ndonos de ellos y ahorr\u00e1ndoles tiempo y dinero.\u00a0Somos un despacho profesional consolidado gracias a la\u00a0<strong>confianza<\/strong><strong>\u00a0<\/strong>de nuestros clientes, lo que constituye nuestra mejor referencia y tarjeta de presentaci\u00f3n.<\/p><p><br \/>\u00bfQu\u00e9 cualidades nos diferencian? La <strong>atenci\u00f3n al cliente<\/strong>, entablando una relaci\u00f3n de acompa\u00f1amiento y <strong>apoyo<\/strong> altamente valorada, as\u00ed como la <strong>implicaci\u00f3n<\/strong>\u00a0 y <strong>confianza<\/strong>, son los valores que nos caracterizan en los servicios que prestamos. El trato exclusivo, profesional y personal es nuestro hecho diferenciador, prestando nuestros servicios de la forma en que nos gustar\u00eda recibirlos.<\/p><p><br \/>Nuestro perfil multidisciplinar &#8211;<strong>jur\u00eddico, fiscal, laboral, contable, financiero<\/strong>&#8211; nos permite proporcionar una visi\u00f3n amplia e integral de todas las \u00e1reas que afectan a la din\u00e1mica diaria de su empresa.\u00a0<\/p><p><br \/>Pertenecemos de forma activa a instituciones que avalan nuestra presencia en los principales \u00f3rganos especializados relacionados con el mundo del asesoramiento y la gesti\u00f3n de la empresa:<\/p>\t\t\t\t\t\t<\/div>\n\t\t\t\t<\/div>\n\t\t\t\t\t<\/div>\n\t\t<\/div>\n\t\t\t\t\t\t\t<\/div>\n\t\t<\/section>\n\t\t\t\t<section class=\"elementor-section elementor-top-section elementor-element elementor-element-5439a6a elementor-section-boxed elementor-section-height-default elementor-section-height-default\" data-id=\"5439a6a\" data-element_type=\"section\">\n\t\t\t\t\t\t<div class=\"elementor-container elementor-column-gap-default\">\n\t\t\t\t\t<div class=\"elementor-column elementor-col-100 elementor-top-column elementor-element elementor-element-ed09afa\" data-id=\"ed09afa\" data-element_type=\"column\">\n\t\t\t<div class=\"elementor-widget-wrap elementor-element-populated\">\n\t\t\t\t\t\t\t\t<div class=\"elementor-element elementor-element-1b21c94 elementor-widget elementor-widget-image-gallery\" data-id=\"1b21c94\" data-element_type=\"widget\" data-widget_type=\"image-gallery.default\">\n\t\t\t\t<div class=\"elementor-widget-container\">\n\t\t\t\t\t<div class=\"elementor-image-gallery\">\n\t\t\t<div id='gallery-1' class='gallery galleryid-22 gallery-columns-3 gallery-size-medium_large'><figure class='gallery-item'>\n\t\t\t<div class='gallery-icon landscape'>\n\t\t\t\t<a data-elementor-open-lightbox=\"yes\" data-elementor-lightbox-slideshow=\"1b21c94\" data-elementor-lightbox-title=\"logo_icav\" e-action-hash=\"#elementor-action%3Aaction%3Dlightbox%26settings%3DeyJpZCI6MTI0LCJ1cmwiOiJodHRwczpcL1wvaW5maXZhbC5jb21cL3dwLWNvbnRlbnRcL3VwbG9hZHNcLzIwMjFcLzA1XC9sb2dvX2ljYXYucG5nIiwic2xpZGVzaG93IjoiMWIyMWM5NCJ9\" href='https:\/\/infival.com\/wp-content\/uploads\/2021\/05\/logo_icav.png'><img loading=\"lazy\" decoding=\"async\" width=\"221\" height=\"70\" src=\"https:\/\/infival.com\/wp-content\/uploads\/2021\/05\/logo_icav.png\" class=\"attachment-medium_large size-medium_large\" alt=\"\" \/><\/a>\n\t\t\t<\/div><\/figure><figure class='gallery-item'>\n\t\t\t<div class='gallery-icon landscape'>\n\t\t\t\t<a data-elementor-open-lightbox=\"yes\" data-elementor-lightbox-slideshow=\"1b21c94\" data-elementor-lightbox-title=\"logo economistas\" e-action-hash=\"#elementor-action%3Aaction%3Dlightbox%26settings%3DeyJpZCI6MTIyLCJ1cmwiOiJodHRwczpcL1wvaW5maXZhbC5jb21cL3dwLWNvbnRlbnRcL3VwbG9hZHNcLzIwMjFcLzA1XC9sb2dvLWVjb25vbWlzdGFzLnBuZyIsInNsaWRlc2hvdyI6IjFiMjFjOTQifQ%3D%3D\" href='https:\/\/infival.com\/wp-content\/uploads\/2021\/05\/logo-economistas.png'><img loading=\"lazy\" decoding=\"async\" width=\"267\" height=\"81\" src=\"https:\/\/infival.com\/wp-content\/uploads\/2021\/05\/logo-economistas.png\" class=\"attachment-medium_large size-medium_large\" alt=\"\" \/><\/a>\n\t\t\t<\/div><\/figure><figure class='gallery-item'>\n\t\t\t<div class='gallery-icon landscape'>\n\t\t\t\t<a data-elementor-open-lightbox=\"yes\" data-elementor-lightbox-slideshow=\"1b21c94\" data-elementor-lightbox-title=\"RED_PAE-cabecera\" e-action-hash=\"#elementor-action%3Aaction%3Dlightbox%26settings%3DeyJpZCI6MTI2LCJ1cmwiOiJodHRwczpcL1wvaW5maXZhbC5jb21cL3dwLWNvbnRlbnRcL3VwbG9hZHNcLzIwMjFcLzA1XC9SRURfUEFFLWNhYmVjZXJhLmpwZyIsInNsaWRlc2hvdyI6IjFiMjFjOTQifQ%3D%3D\" href='https:\/\/infival.com\/wp-content\/uploads\/2021\/05\/RED_PAE-cabecera.jpg'><img loading=\"lazy\" decoding=\"async\" width=\"237\" height=\"74\" src=\"https:\/\/infival.com\/wp-content\/uploads\/2021\/05\/RED_PAE-cabecera.jpg\" class=\"attachment-medium_large size-medium_large\" alt=\"\" \/><\/a>\n\t\t\t<\/div><\/figure>\n\t\t<\/div>\n\t\t<\/div>\n\t\t\t\t<\/div>\n\t\t\t\t<\/div>\n\t\t\t\t\t<\/div>\n\t\t<\/div>\n\t\t\t\t\t\t\t<\/div>\n\t\t<\/section>\n\t\t\t\t<section class=\"elementor-section elementor-top-section elementor-element elementor-element-5d39f4d elementor-section-boxed elementor-section-height-default elementor-section-height-default\" data-id=\"5d39f4d\" data-element_type=\"section\">\n\t\t\t\t\t\t<div class=\"elementor-container elementor-column-gap-default\">\n\t\t\t\t\t<div class=\"elementor-column elementor-col-100 elementor-top-column elementor-element elementor-element-fd799f7\" data-id=\"fd799f7\" data-element_type=\"column\">\n\t\t\t<div class=\"elementor-widget-wrap elementor-element-populated\">\n\t\t\t\t\t\t\t\t<div class=\"elementor-element elementor-element-1335e16 elementor-widget-divider--view-line elementor-widget elementor-widget-divider\" data-id=\"1335e16\" data-element_type=\"widget\" data-widget_type=\"divider.default\">\n\t\t\t\t<div class=\"elementor-widget-container\">\n\t\t\t\t\t<div class=\"elementor-divider\">\n\t\t\t<span class=\"elementor-divider-separator\">\n\t\t\t\t\t\t<\/span>\n\t\t<\/div>\n\t\t\t\t<\/div>\n\t\t\t\t<\/div>\n\t\t\t\t\t<\/div>\n\t\t<\/div>\n\t\t\t\t\t\t\t<\/div>\n\t\t<\/section>\n\t\t\t\t\t\t\t<\/div>\n\t\t","protected":false},"excerpt":{"rendered":"<p>Nuestro despacho profesional\u00a0cuenta con los medios humanos y t\u00e9cnicos m\u00e1s cualificados. La misi\u00f3n es facilitar a nuestros clientes la creciente complejidad de la gesti\u00f3n empresarial. Nuestro compromiso es la resoluci\u00f3n de problemas\u00a0laborales,\u00a0fiscales\u00a0y\u00a0jur\u00eddicos, ocup\u00e1ndonos de ellos y ahorr\u00e1ndoles tiempo y dinero.\u00a0Somos un despacho profesional consolidado gracias a la\u00a0confianza\u00a0de nuestros clientes, lo<\/p>\n","protected":false},"author":1,"featured_media":0,"parent":0,"menu_order":0,"comment_status":"closed","ping_status":"closed","template":"elementor_header_footer","meta":{"footnotes":""},"class_list":["post-22","page","type-page","status-publish","hentry",""],"_links":{"self":[{"href":"https:\/\/infival.com\/index.php?rest_route=\/wp\/v2\/pages\/22","targetHints":{"allow":["GET"]}}],"collection":[{"href":"https:\/\/infival.com\/index.php?rest_route=\/wp\/v2\/pages"}],"about":[{"href":"https:\/\/infival.com\/index.php?rest_route=\/wp\/v2\/types\/page"}],"author":[{"embeddable":true,"href":"https:\/\/infival.com\/index.php?rest_route=\/wp\/v2\/users\/1"}],"replies":[{"embeddable":true,"href":"https:\/\/infival.com\/index.php?rest_route=%2Fwp%2Fv2%2Fcomments&post=22"}],"version-history":[{"count":33,"href":"https:\/\/infival.com\/index.php?rest_route=\/wp\/v2\/pages\/22\/revisions"}],"predecessor-version":[{"id":342,"href":"https:\/\/infival.com\/index.php?rest_route=\/wp\/v2\/pages\/22\/revisions\/342"}],"wp:attachment":[{"href":"https:\/\/infival.com\/index.php?rest_route=%2Fwp%2Fv2%2Fmedia&parent=22"}],"curies":[{"name":"wp","href":"https:\/\/api.w.org\/{rel}","templated":true}]}}