{"id":18,"date":"2021-05-04T14:28:57","date_gmt":"2021-05-04T14:28:57","guid":{"rendered":"http:\/\/infival.com\/?page_id=18"},"modified":"2021-05-06T17:18:44","modified_gmt":"2021-05-06T17:18:44","slug":"servicios","status":"publish","type":"page","link":"https:\/\/infival.com\/?page_id=18","title":{"rendered":"Servicios"},"content":{"rendered":"\t\t<div data-elementor-type=\"wp-page\" data-elementor-id=\"18\" class=\"elementor elementor-18\">\n\t\t\t\t\t\t\t\t\t<section class=\"elementor-section elementor-top-section elementor-element elementor-element-a2682cc elementor-section-boxed elementor-section-height-default elementor-section-height-default\" data-id=\"a2682cc\" data-element_type=\"section\">\n\t\t\t\t\t\t<div class=\"elementor-container elementor-column-gap-default\">\n\t\t\t\t\t<div class=\"elementor-column elementor-col-100 elementor-top-column elementor-element elementor-element-d7b4e80\" data-id=\"d7b4e80\" data-element_type=\"column\">\n\t\t\t<div class=\"elementor-widget-wrap elementor-element-populated\">\n\t\t\t\t\t\t\t\t<section class=\"elementor-section elementor-inner-section elementor-element elementor-element-78853d4 elementor-section-boxed elementor-section-height-default elementor-section-height-default\" data-id=\"78853d4\" data-element_type=\"section\">\n\t\t\t\t\t\t<div class=\"elementor-container elementor-column-gap-default\">\n\t\t\t\t\t<div class=\"elementor-column elementor-col-50 elementor-inner-column elementor-element elementor-element-d620782\" data-id=\"d620782\" data-element_type=\"column\">\n\t\t\t<div class=\"elementor-widget-wrap elementor-element-populated\">\n\t\t\t\t\t\t\t\t<div class=\"elementor-element elementor-element-4169343 elementor-widget elementor-widget-image\" data-id=\"4169343\" data-element_type=\"widget\" data-widget_type=\"image.default\">\n\t\t\t\t<div class=\"elementor-widget-container\">\n\t\t\t\t\t\t\t\t\t\t\t\t\t\t\t<img loading=\"lazy\" decoding=\"async\" width=\"300\" height=\"168\" src=\"https:\/\/infival.com\/wp-content\/uploads\/2021\/05\/laboral.jpg\" class=\"attachment-large size-large\" alt=\"\" \/>\t\t\t\t\t\t\t\t\t\t\t\t\t\t\t<\/div>\n\t\t\t\t<\/div>\n\t\t\t\t<div class=\"elementor-element elementor-element-ae4c340 elementor-widget elementor-widget-image\" data-id=\"ae4c340\" data-element_type=\"widget\" data-widget_type=\"image.default\">\n\t\t\t\t<div class=\"elementor-widget-container\">\n\t\t\t\t\t\t\t\t\t\t\t\t\t\t\t<img loading=\"lazy\" decoding=\"async\" width=\"640\" height=\"410\" src=\"https:\/\/infival.com\/wp-content\/uploads\/2021\/05\/fiscal.png\" class=\"attachment-large size-large\" alt=\"\" srcset=\"https:\/\/infival.com\/wp-content\/uploads\/2021\/05\/fiscal.png 1000w, https:\/\/infival.com\/wp-content\/uploads\/2021\/05\/fiscal-300x192.png 300w, https:\/\/infival.com\/wp-content\/uploads\/2021\/05\/fiscal-768x492.png 768w\" sizes=\"auto, (max-width: 640px) 100vw, 640px\" \/>\t\t\t\t\t\t\t\t\t\t\t\t\t\t\t<\/div>\n\t\t\t\t<\/div>\n\t\t\t\t\t<\/div>\n\t\t<\/div>\n\t\t\t\t<div class=\"elementor-column elementor-col-50 elementor-inner-column elementor-element elementor-element-8e76c04\" data-id=\"8e76c04\" data-element_type=\"column\">\n\t\t\t<div class=\"elementor-widget-wrap elementor-element-populated\">\n\t\t\t\t\t\t\t\t<div class=\"elementor-element elementor-element-c7cb836 elementor-widget elementor-widget-text-editor\" data-id=\"c7cb836\" data-element_type=\"widget\" data-widget_type=\"text-editor.default\">\n\t\t\t\t<div class=\"elementor-widget-container\">\n\t\t\t\t\t\t\t<p>Ofrecemos soluciones integrales de apoyo a sus clientes, para que la \u00fanica preocupaci\u00f3n del empresario sea su propia actividad. Nuestros profesionales, garantizan con su dinamismo, un servicio eficaz y flexible a las necesidades de su empresa.<\/p><ul><li><a href=\"http:\/\/infival.com\/?page_id=24\">Laboral<\/a><\/li><li><a href=\"http:\/\/infival.com\/?page_id=25\">\u00c1rea Financiera, Econ\u00f3mica y Contabilidad<\/a><\/li><li><a href=\"http:\/\/infival.com\/?page_id=26\">Fiscal<\/a><\/li><li><a href=\"http:\/\/infival.com\/?page_id=26\">Jur\u00eddico<\/a><\/li><\/ul>\t\t\t\t\t\t<\/div>\n\t\t\t\t<\/div>\n\t\t\t\t\t<\/div>\n\t\t<\/div>\n\t\t\t\t\t\t\t<\/div>\n\t\t<\/section>\n\t\t\t\t\t<\/div>\n\t\t<\/div>\n\t\t\t\t\t\t\t<\/div>\n\t\t<\/section>\n\t\t\t\t<section class=\"elementor-section elementor-top-section elementor-element elementor-element-79083c2 elementor-section-boxed elementor-section-height-default elementor-section-height-default\" data-id=\"79083c2\" data-element_type=\"section\">\n\t\t\t\t\t\t<div class=\"elementor-container elementor-column-gap-default\">\n\t\t\t\t\t<div class=\"elementor-column elementor-col-100 elementor-top-column elementor-element elementor-element-5553df3\" data-id=\"5553df3\" data-element_type=\"column\">\n\t\t\t<div class=\"elementor-widget-wrap elementor-element-populated\">\n\t\t\t\t\t\t\t\t<div class=\"elementor-element elementor-element-3cf3502 elementor-widget-divider--view-line elementor-widget elementor-widget-divider\" data-id=\"3cf3502\" data-element_type=\"widget\" data-widget_type=\"divider.default\">\n\t\t\t\t<div class=\"elementor-widget-container\">\n\t\t\t\t\t<div class=\"elementor-divider\">\n\t\t\t<span class=\"elementor-divider-separator\">\n\t\t\t\t\t\t<\/span>\n\t\t<\/div>\n\t\t\t\t<\/div>\n\t\t\t\t<\/div>\n\t\t\t\t\t<\/div>\n\t\t<\/div>\n\t\t\t\t\t\t\t<\/div>\n\t\t<\/section>\n\t\t\t\t\t\t\t<\/div>\n\t\t","protected":false},"excerpt":{"rendered":"<p>Ofrecemos soluciones integrales de apoyo a sus clientes, para que la \u00fanica preocupaci\u00f3n del empresario sea su propia actividad. Nuestros profesionales, garantizan con su dinamismo, un servicio eficaz y flexible a las necesidades de su empresa. Laboral \u00c1rea Financiera, Econ\u00f3mica y Contabilidad Fiscal Jur\u00eddico<\/p>\n","protected":false},"author":1,"featured_media":0,"parent":0,"menu_order":0,"comment_status":"closed","ping_status":"closed","template":"elementor_header_footer","meta":{"footnotes":""},"class_list":["post-18","page","type-page","status-publish","hentry",""],"_links":{"self":[{"href":"https:\/\/infival.com\/index.php?rest_route=\/wp\/v2\/pages\/18","targetHints":{"allow":["GET"]}}],"collection":[{"href":"https:\/\/infival.com\/index.php?rest_route=\/wp\/v2\/pages"}],"about":[{"href":"https:\/\/infival.com\/index.php?rest_route=\/wp\/v2\/types\/page"}],"author":[{"embeddable":true,"href":"https:\/\/infival.com\/index.php?rest_route=\/wp\/v2\/users\/1"}],"replies":[{"embeddable":true,"href":"https:\/\/infival.com\/index.php?rest_route=%2Fwp%2Fv2%2Fcomments&post=18"}],"version-history":[{"count":16,"href":"https:\/\/infival.com\/index.php?rest_route=\/wp\/v2\/pages\/18\/revisions"}],"predecessor-version":[{"id":220,"href":"https:\/\/infival.com\/index.php?rest_route=\/wp\/v2\/pages\/18\/revisions\/220"}],"wp:attachment":[{"href":"https:\/\/infival.com\/index.php?rest_route=%2Fwp%2Fv2%2Fmedia&parent=18"}],"curies":[{"name":"wp","href":"https:\/\/api.w.org\/{rel}","templated":true}]}}